{"id":4,"date":"2015-06-28T12:31:34","date_gmt":"2015-06-28T10:31:34","guid":{"rendered":"http:\/\/pasieka.szczebrzeszyn.info\/?page_id=4"},"modified":"2015-06-28T14:05:33","modified_gmt":"2015-06-28T12:05:33","slug":"o-nas","status":"publish","type":"page","link":"http:\/\/pasieka.szczebrzeszyn.info\/","title":{"rendered":"O nas"},"content":{"rendered":"<div style=\"padding-left: 60px;\"><\/div>\n<div style=\"padding-left: 60px;\"><big>Pasieka Szczebrzeszyn wita mi\u0142o\u015bnik\u00f3w i hobbyst\u00f3w pszczelarstwa \u015brodowiska naturalnego.<\/big><\/div>\n<div><\/div>\n<div style=\"padding-left: 60px;\"><big> Nasza pasieka powsta\u0142a w 1985 roku. Obecnie liczy 24 ule. <\/big><\/div>\n<div style=\"padding-left: 60px;\"><\/div>\n<div style=\"padding-left: 60px;\"><big>Nastawieni jeste\u015bmy na produkcj\u0119 miod\u00f3w wysokiej jako\u015bci z czystych ekologicznie teren\u00f3w Roztocza.<\/big><br \/>\n<big> <\/big><br \/>\n<big> Miody pochodz\u0105 z pasieki VERTE.<\/big><br \/>\n<big> <\/big><br \/>\n<big> Nasz\u0105 misj\u0105 jest satysfakcja Klienta.<\/big><\/div>\n","protected":false},"excerpt":{"rendered":"<p>Pasieka Szczebrzeszyn wita mi\u0142o\u015bnik\u00f3w i hobbyst\u00f3w pszczelarstwa \u015brodowiska naturalnego. Nasza pasieka powsta\u0142a w 1985 roku. Obecnie liczy 24 ule. Nastawieni jeste\u015bmy na produkcj\u0119 miod\u00f3w wysokiej jako\u015bci z czystych ekologicznie teren\u00f3w Roztocza. Miody pochodz\u0105 z pasieki VERTE. Nasz\u0105 misj\u0105 jest satysfakcja Klienta.<\/p>\n","protected":false},"author":1,"featured_media":0,"parent":0,"menu_order":0,"comment_status":"closed","ping_status":"open","template":"","meta":[],"_links":{"self":[{"href":"http:\/\/pasieka.szczebrzeszyn.info\/index.php?rest_route=\/wp\/v2\/pages\/4"}],"collection":[{"href":"http:\/\/pasieka.szczebrzeszyn.info\/index.php?rest_route=\/wp\/v2\/pages"}],"about":[{"href":"http:\/\/pasieka.szczebrzeszyn.info\/index.php?rest_route=\/wp\/v2\/types\/page"}],"author":[{"embeddable":true,"href":"http:\/\/pasieka.szczebrzeszyn.info\/index.php?rest_route=\/wp\/v2\/users\/1"}],"replies":[{"embeddable":true,"href":"http:\/\/pasieka.szczebrzeszyn.info\/index.php?rest_route=%2Fwp%2Fv2%2Fcomments&post=4"}],"version-history":[{"count":4,"href":"http:\/\/pasieka.szczebrzeszyn.info\/index.php?rest_route=\/wp\/v2\/pages\/4\/revisions"}],"predecessor-version":[{"id":43,"href":"http:\/\/pasieka.szczebrzeszyn.info\/index.php?rest_route=\/wp\/v2\/pages\/4\/revisions\/43"}],"wp:attachment":[{"href":"http:\/\/pasieka.szczebrzeszyn.info\/index.php?rest_route=%2Fwp%2Fv2%2Fmedia&parent=4"}],"curies":[{"name":"wp","href":"https:\/\/api.w.org\/{rel}","templated":true}]}}